{"id":217,"date":"2025-01-18T02:30:39","date_gmt":"2025-01-18T02:30:39","guid":{"rendered":"https:\/\/tatianalameiro.com\/?page_id=217"},"modified":"2025-01-19T17:43:42","modified_gmt":"2025-01-19T17:43:42","slug":"conferencias","status":"publish","type":"page","link":"https:\/\/tatianalameiro.com\/index.php\/conferencias\/","title":{"rendered":"Conferencias"},"content":{"rendered":"\t\t<div data-elementor-type=\"wp-page\" data-elementor-id=\"217\" class=\"elementor elementor-217\">\n\t\t\t\t<div class=\"elementor-element elementor-element-a7ed097 e-flex e-con-boxed wpr-particle-no wpr-jarallax-no wpr-parallax-no wpr-sticky-section-no e-con e-parent\" data-id=\"a7ed097\" data-element_type=\"container\">\n\t\t\t\t\t<div class=\"e-con-inner\">\n\t\t\t\t<div class=\"elementor-element elementor-element-6d96459 elementor-widget elementor-widget-text-editor\" data-id=\"6d96459\" data-element_type=\"widget\" data-widget_type=\"text-editor.default\">\n\t\t\t\t<div class=\"elementor-widget-container\">\n\t\t\t\t\t\t\t\t\t<p><strong><span style=\"vertical-align: inherit;\"><span style=\"vertical-align: inherit;\"><span style=\"vertical-align: inherit;\"><span style=\"vertical-align: inherit;\"><span style=\"vertical-align: inherit;\"><span style=\"vertical-align: inherit;\"><span style=\"vertical-align: inherit;\"><span style=\"vertical-align: inherit;\">CONFERENCIAS COMUNICACIONES CONGRESOS<\/span><\/span><\/span><\/span><\/span><\/span><\/span><\/span><\/strong><\/p>\t\t\t\t\t\t\t\t<\/div>\n\t\t\t\t<\/div>\n\t\t\t\t<div class=\"elementor-element elementor-element-03edc54 elementor-widget elementor-widget-text-editor\" data-id=\"03edc54\" data-element_type=\"widget\" data-widget_type=\"text-editor.default\">\n\t\t\t\t<div class=\"elementor-widget-container\">\n\t\t\t\t\t\t\t\t\t<p>\u00a0<\/p><p><strong><span style=\"vertical-align: inherit;\"><span style=\"vertical-align: inherit;\"><span style=\"vertical-align: inherit;\"><span style=\"vertical-align: inherit;\"><span style=\"vertical-align: inherit;\"><span style=\"vertical-align: inherit;\">\u00b7 Ecodise\u00f1o\/Dise\u00f1o Sostenible. Presente y futuro<\/span><\/span><\/span><\/span><\/span><\/span><\/strong><span style=\"vertical-align: inherit;\"><span style=\"vertical-align: inherit;\"><span style=\"vertical-align: inherit;\"><span style=\"vertical-align: inherit;\"><span style=\"vertical-align: inherit;\"><span style=\"vertical-align: inherit;\"> | Tipo de participaci\u00f3n: Comunicaci\u00f3n | Evento: G-Night, Noche Gallega, Noite Galega das Persoas Investigadoras 2022 | Organiza: Universidad de Vigo | Lugar: IES Pedro Floriani (Redondela) | Fecha: 23\/09\/2022<\/span><\/span><\/span><\/span><\/span><\/span><\/p><p>\u00a0<\/p><p><span style=\"vertical-align: inherit;\"><span style=\"vertical-align: inherit;\"><span style=\"vertical-align: inherit;\"><span style=\"vertical-align: inherit;\"><span style=\"vertical-align: inherit;\"><span style=\"vertical-align: inherit;\">\u00b7 <\/span><\/span><\/span><\/span><\/span><\/span><strong><span style=\"vertical-align: inherit;\"><span style=\"vertical-align: inherit;\"><span style=\"vertical-align: inherit;\"><span style=\"vertical-align: inherit;\"><span style=\"vertical-align: inherit;\"><span style=\"vertical-align: inherit;\">Dise\u00f1o y sostenibilidad. Pr\u00e1cticas conscientes para el beneficio com\u00fan<\/span><\/span><\/span><\/span><\/span><\/span><\/strong><span style=\"vertical-align: inherit;\"><span style=\"vertical-align: inherit;\"><span style=\"vertical-align: inherit;\"><span style=\"vertical-align: inherit;\"><span style=\"vertical-align: inherit;\"><span style=\"vertical-align: inherit;\"> | Tipo de participaci\u00f3n: Comunicaci\u00f3n | Evento: G-Night, Noche Gallega, Noite Galega das Persoas Investigadoras 2022 | Organiza: Universidad de Vigo | Lugar: IES Pedro Floriani (Redondela) | Fecha: 23\/09\/2022<\/span><\/span><\/span><\/span><\/span><\/span><\/p><p>\u00a0<\/p><p><span style=\"vertical-align: inherit;\"><span style=\"vertical-align: inherit;\"><span style=\"vertical-align: inherit;\"><span style=\"vertical-align: inherit;\"><span style=\"vertical-align: inherit;\"><span style=\"vertical-align: inherit;\">\u00b7 <\/span><\/span><\/span><\/span><\/span><\/span><strong><span style=\"vertical-align: inherit;\"><span style=\"vertical-align: inherit;\"><span style=\"vertical-align: inherit;\"><span style=\"vertical-align: inherit;\"><span style=\"vertical-align: inherit;\"><span style=\"vertical-align: inherit;\">De la portada a la p\u00e1gina. Del t\u00edtulo a la onomatopeya. Un an\u00e1lisis de los usos tipogr\u00e1ficos en Naruto y Bleach<\/span><\/span><\/span><\/span><\/span><\/span><\/strong><span style=\"vertical-align: inherit;\"><span style=\"vertical-align: inherit;\"><span style=\"vertical-align: inherit;\"><span style=\"vertical-align: inherit;\"><span style=\"vertical-align: inherit;\"><span style=\"vertical-align: inherit;\"> | Tipo de participaci\u00f3n: Comunicaci\u00f3n | Evento: 3\u00ba Congreso Internacional de Estudios Interdisciplinares sobre C\u00f3mic | Organiza: Universidad de Zaragoza | Lugar: Zaragoza | Fecha: 7 y 8\/04\/2022<\/span><\/span><\/span><\/span><\/span><\/span><\/p><p>\u00a0<\/p><p><span style=\"vertical-align: inherit;\"><span style=\"vertical-align: inherit;\"><span style=\"vertical-align: inherit;\"><span style=\"vertical-align: inherit;\"><span style=\"vertical-align: inherit;\"><span style=\"vertical-align: inherit;\">\u00b7 <\/span><\/span><\/span><\/span><\/span><\/span><strong><span style=\"vertical-align: inherit;\"><span style=\"vertical-align: inherit;\"><span style=\"vertical-align: inherit;\"><span style=\"vertical-align: inherit;\"><span style=\"vertical-align: inherit;\"><span style=\"vertical-align: inherit;\">El espacio del libro. Pensar y producir en la contemporaneidad<\/span><\/span><\/span><\/span><\/span><\/span><\/strong><span style=\"vertical-align: inherit;\"><span style=\"vertical-align: inherit;\"><span style=\"vertical-align: inherit;\"><span style=\"vertical-align: inherit;\"><span style=\"vertical-align: inherit;\"><span style=\"vertical-align: inherit;\"> | Tipo de participaci\u00f3n: Comunicaci\u00f3n | Evento: VI Simposio Internacional de la Tipograf\u00eda al Libro-Arte | Organiza: Universidad Aut\u00f3noma Ciudad Ju\u00e1rez (UACJ) | Lugar: Ciudad Ju\u00e1rez (M\u00e9xico) | Fecha: 23-24\/09\/2021<\/span><\/span><\/span><\/span><\/span><\/span><\/p><p>\u00a0<\/p><p><span style=\"vertical-align: inherit;\"><span style=\"vertical-align: inherit;\"><span style=\"vertical-align: inherit;\"><span style=\"vertical-align: inherit;\"><span style=\"vertical-align: inherit;\"><span style=\"vertical-align: inherit;\">\u00b7 <\/span><\/span><\/span><\/span><\/span><\/span><strong><span style=\"vertical-align: inherit;\"><span style=\"vertical-align: inherit;\"><span style=\"vertical-align: inherit;\"><span style=\"vertical-align: inherit;\"><span style=\"vertical-align: inherit;\"><span style=\"vertical-align: inherit;\">Pol\u00edticas de aprendizaje en el dise\u00f1o. Actitudes y conductas sostenibles en los sistemas educativos<\/span><\/span><\/span><\/span><\/span><\/span><\/strong><span style=\"vertical-align: inherit;\"><span style=\"vertical-align: inherit;\"><span style=\"vertical-align: inherit;\"><span style=\"vertical-align: inherit;\"><span style=\"vertical-align: inherit;\"><span style=\"vertical-align: inherit;\"> | Tipo de participaci\u00f3n: Comunicaci\u00f3n | Evento: 3\u00ba Congreso Interdisciplinar y Virtual sobre Artes en la Educaci\u00f3n (CIVAE 2021) | Organiza: Georgia State University y Universidad de Granada | Lugar: Virtual | Fecha: 14-15\/07\/2021<\/span><\/span><\/span><\/span><\/span><\/span><\/p><p>\u00a0<\/p><p><span style=\"vertical-align: inherit;\"><span style=\"vertical-align: inherit;\"><span style=\"vertical-align: inherit;\"><span style=\"vertical-align: inherit;\"><span style=\"vertical-align: inherit;\"><span style=\"vertical-align: inherit;\">\u00b7 <\/span><\/span><\/span><\/span><\/span><\/span><strong><span style=\"vertical-align: inherit;\"><span style=\"vertical-align: inherit;\"><span style=\"vertical-align: inherit;\"><span style=\"vertical-align: inherit;\"><span style=\"vertical-align: inherit;\"><span style=\"vertical-align: inherit;\">Sinergias y japonismo en la materializaci\u00f3n de mensajes visuales. Arte, dise\u00f1o gr\u00e1fico y publicidad como cruces interculturales<\/span><\/span><\/span><\/span><\/span><\/span><\/strong><span style=\"vertical-align: inherit;\"><span style=\"vertical-align: inherit;\"><span style=\"vertical-align: inherit;\"><span style=\"vertical-align: inherit;\"><span style=\"vertical-align: inherit;\"><span style=\"vertical-align: inherit;\"> | Tipo de participaci\u00f3n: Comunicaci\u00f3n | Evento: 8\u00ba Taller Internacional de Investigaci\u00f3n \u201cIm\u00e1genes Mutuas\u201d | Organiza: Universidad de Hull, Universidad de Ryukoku, Temporada de Cultura Jap\u00f3n-Reino Unido, Asociaci\u00f3n de Investigaci\u00f3n de Im\u00e1genes Mutuas MIRA | Lugar: Universidad Ryukoku, Kioto | Fecha: 22-24\/01\/2021<\/span><\/span><\/span><\/span><\/span><\/span><\/p><p>\u00a0<\/p><p><span style=\"vertical-align: inherit;\"><span style=\"vertical-align: inherit;\"><span style=\"vertical-align: inherit;\"><span style=\"vertical-align: inherit;\"><span style=\"vertical-align: inherit;\"><span style=\"vertical-align: inherit;\">\u00b7 <\/span><\/span><\/span><\/span><\/span><\/span><strong><span style=\"vertical-align: inherit;\"><span style=\"vertical-align: inherit;\"><span style=\"vertical-align: inherit;\"><span style=\"vertical-align: inherit;\"><span style=\"vertical-align: inherit;\"><span style=\"vertical-align: inherit;\">Dise\u00f1ando para un contexto complejo. El dise\u00f1o consciente como factor de cambio social<\/span><\/span><\/span><\/span><\/span><\/span><\/strong><span style=\"vertical-align: inherit;\"><span style=\"vertical-align: inherit;\"><span style=\"vertical-align: inherit;\"><span style=\"vertical-align: inherit;\"><span style=\"vertical-align: inherit;\"><span style=\"vertical-align: inherit;\"> | Tipo de participaci\u00f3n: Comunicaci\u00f3n | Evento: Jornada de Moda y Dise\u00f1o: Creaci\u00f3n e Investigaci\u00f3n | Organiza: Grupo de investigaci\u00f3n DX7 Tracker Laboratorio Visual | Lugar: Museo de Pontevedra | Fecha: 10\/02\/2020<\/span><\/span><\/span><\/span><\/span><\/span><\/p><p>\u00a0<\/p><p><span style=\"vertical-align: inherit;\"><span style=\"vertical-align: inherit;\"><span style=\"vertical-align: inherit;\"><span style=\"vertical-align: inherit;\"><span style=\"vertical-align: inherit;\"><span style=\"vertical-align: inherit;\">\u00b7 <\/span><\/span><\/span><\/span><\/span><\/span><strong><span style=\"vertical-align: inherit;\"><span style=\"vertical-align: inherit;\"><span style=\"vertical-align: inherit;\"><span style=\"vertical-align: inherit;\"><span style=\"vertical-align: inherit;\"><span style=\"vertical-align: inherit;\">Influencias bilaterales en Dise\u00f1o Gr\u00e1fico entre Jap\u00f3n y Occidente: las obras de Shigeo Fukuda<\/span><\/span><\/span><\/span><\/span><\/span><\/strong><span style=\"vertical-align: inherit;\"><span style=\"vertical-align: inherit;\"><span style=\"vertical-align: inherit;\"><span style=\"vertical-align: inherit;\"><span style=\"vertical-align: inherit;\"><span style=\"vertical-align: inherit;\"> | Tipo de participaci\u00f3n: Comunicaci\u00f3n | Evento: 7\u00ba Taller Internacional &#8220;Pintura de Oriente: Relaciones art\u00edsticas entre Jap\u00f3n y Occidente&#8221; | Organiza: Asociaci\u00f3n de Investigaci\u00f3n de Im\u00e1genes Mutuas | Lugar: Pontevedra | Fecha: 4\/06\/2019<\/span><\/span><\/span><\/span><\/span><\/span><\/p><p>\u00a0<\/p><p><span style=\"vertical-align: inherit;\"><span style=\"vertical-align: inherit;\"><span style=\"vertical-align: inherit;\"><span style=\"vertical-align: inherit;\"><span style=\"vertical-align: inherit;\"><span style=\"vertical-align: inherit;\">\u00b7 <\/span><\/span><\/span><\/span><\/span><\/span><strong><span style=\"vertical-align: inherit;\"><span style=\"vertical-align: inherit;\"><span style=\"vertical-align: inherit;\"><span style=\"vertical-align: inherit;\"><span style=\"vertical-align: inherit;\"><span style=\"vertical-align: inherit;\">Desdibujando Fronteras. Procesos conscientes para un dise\u00f1o sostenible<\/span><\/span><\/span><\/span><\/span><\/span><\/strong><span style=\"vertical-align: inherit;\"><span style=\"vertical-align: inherit;\"><span style=\"vertical-align: inherit;\"><span style=\"vertical-align: inherit;\"><span style=\"vertical-align: inherit;\"><span style=\"vertical-align: inherit;\"> | Tipo de participaci\u00f3n: Comunicaci\u00f3n | Evento: 2\u00ba Congreso Internacional de Arquitectura y Dise\u00f1o | Organiza: Universidad Aut\u00f3noma de Baja California | Lugar: Tijuana, BC M\u00e9xico | Fecha: 10-12\/04\/2019<\/span><\/span><\/span><\/span><\/span><\/span><\/p><p>\u00a0<\/p><p><span style=\"vertical-align: inherit;\"><span style=\"vertical-align: inherit;\"><span style=\"vertical-align: inherit;\"><span style=\"vertical-align: inherit;\"><span style=\"vertical-align: inherit;\"><span style=\"vertical-align: inherit;\">\u00b7 <\/span><\/span><\/span><\/span><\/span><\/span><strong><span style=\"vertical-align: inherit;\"><span style=\"vertical-align: inherit;\"><span style=\"vertical-align: inherit;\"><span style=\"vertical-align: inherit;\"><span style=\"vertical-align: inherit;\"><span style=\"vertical-align: inherit;\">Entornos Constructivos, estrategias y aproximaciones hacia un dise\u00f1o consciente<\/span><\/span><\/span><\/span><\/span><\/span><\/strong><span style=\"vertical-align: inherit;\"><span style=\"vertical-align: inherit;\"><span style=\"vertical-align: inherit;\"><span style=\"vertical-align: inherit;\"><span style=\"vertical-align: inherit;\"><span style=\"vertical-align: inherit;\"> | Tipo de participaci\u00f3n: Comunicaci\u00f3n | Evento: Encuentros de Interacci\u00f3n Gr\u00e1fica | Organiza: Universidad de Vigo, dx5 Investigaci\u00f3n en Arte Gr\u00e1fico y Digital, Lab_in | Lugar: Vigo, Pontevedra | Fecha: 11\/09\/2018<\/span><\/span><\/span><\/span><\/span><\/span><\/p><p>\u00a0<\/p><p><span style=\"vertical-align: inherit;\"><span style=\"vertical-align: inherit;\"><span style=\"vertical-align: inherit;\"><span style=\"vertical-align: inherit;\"><span style=\"vertical-align: inherit;\"><span style=\"vertical-align: inherit;\">\u00b7 <\/span><\/span><\/span><\/span><\/span><\/span><strong><span style=\"vertical-align: inherit;\"><span style=\"vertical-align: inherit;\"><span style=\"vertical-align: inherit;\"><span style=\"vertical-align: inherit;\"><span style=\"vertical-align: inherit;\"><span style=\"vertical-align: inherit;\">El concepto de Complejidad en el Dise\u00f1o Editorial. La Sostenibilidad aplicada a la producci\u00f3n de un libro<\/span><\/span><\/span><\/span><\/span><\/span><\/strong><span style=\"vertical-align: inherit;\"><span style=\"vertical-align: inherit;\"><span style=\"vertical-align: inherit;\"><span style=\"vertical-align: inherit;\"><span style=\"vertical-align: inherit;\"><span style=\"vertical-align: inherit;\"> | Tipo de participaci\u00f3n: Comunicaci\u00f3n | Evento: 2\u00ba Congreso de Dise\u00f1o Gr\u00e1fico: Dise\u00f1o y sociedad sostenible | Organiza: Universidad del Pa\u00eds Vasco | Lugar: Bilbao | Fecha: 27\/06\/2018<\/span><\/span><\/span><\/span><\/span><\/span><\/p><p>\u00a0<\/p><p><span style=\"vertical-align: inherit;\"><span style=\"vertical-align: inherit;\"><span style=\"vertical-align: inherit;\"><span style=\"vertical-align: inherit;\"><span style=\"vertical-align: inherit;\"><span style=\"vertical-align: inherit;\">\u00b7 <\/span><\/span><\/span><\/span><\/span><\/span><strong><span style=\"vertical-align: inherit;\"><span style=\"vertical-align: inherit;\"><span style=\"vertical-align: inherit;\"><span style=\"vertical-align: inherit;\"><span style=\"vertical-align: inherit;\"><span style=\"vertical-align: inherit;\">Multiplex, complejidad y sostenibilidad<\/span><\/span><\/span><\/span><\/span><\/span><\/strong><span style=\"vertical-align: inherit;\"><span style=\"vertical-align: inherit;\"><span style=\"vertical-align: inherit;\"><span style=\"vertical-align: inherit;\"><span style=\"vertical-align: inherit;\"><span style=\"vertical-align: inherit;\"> | Tipo de participaci\u00f3n: Comunicaci\u00f3n | Evento: Somos Crea | Lugar: Vigo | Fecha: 2015<\/span><\/span><\/span><\/span><\/span><\/span><\/p>\t\t\t\t\t\t\t\t<\/div>\n\t\t\t\t<\/div>\n\t\t\t\t\t<\/div>\n\t\t\t\t<\/div>\n\t\t\t\t<\/div>\n\t\t","protected":false},"excerpt":{"rendered":"<p>CONFERENCIAS COMUNICACIONES CONGRESOS \u00a0 \u00b7 Ecodise\u00f1o\/Dise\u00f1o Sostenible. Presente y futuro | Tipo de participaci\u00f3n: Comunicaci\u00f3n | Evento: G-Night, Noche Gallega, Noite Galega das Persoas Investigadoras 2022 | Organiza: Universidad de Vigo | Lugar: IES Pedro Floriani (Redondela) | Fecha: 23\/09\/2022 \u00a0 \u00b7 Dise\u00f1o y sostenibilidad. Pr\u00e1cticas conscientes para el beneficio com\u00fan | Tipo de participaci\u00f3n: Comunicaci\u00f3n | Evento: G-Night, Noche Gallega, Noite Galega das Persoas Investigadoras 2022 | Organiza: Universidad de Vigo | Lugar: IES Pedro Floriani (Redondela) | Fecha: 23\/09\/2022 \u00a0 \u00b7 De la portada a la p\u00e1gina. Del t\u00edtulo a la onomatopeya. Un an\u00e1lisis de los usos tipogr\u00e1ficos en Naruto y Bleach | Tipo de participaci\u00f3n: Comunicaci\u00f3n | Evento: 3\u00ba Congreso Internacional de Estudios Interdisciplinares sobre C\u00f3mic | Organiza: Universidad de Zaragoza | Lugar: Zaragoza | Fecha: 7 y 8\/04\/2022 \u00a0 \u00b7 El espacio del libro. Pensar y producir en la contemporaneidad | Tipo de participaci\u00f3n: Comunicaci\u00f3n | Evento: VI Simposio Internacional de la Tipograf\u00eda al Libro-Arte | Organiza: Universidad Aut\u00f3noma Ciudad Ju\u00e1rez (UACJ) | Lugar: Ciudad Ju\u00e1rez (M\u00e9xico) | Fecha: 23-24\/09\/2021 \u00a0 \u00b7 Pol\u00edticas de aprendizaje en el dise\u00f1o. Actitudes y conductas sostenibles en los sistemas educativos | Tipo de participaci\u00f3n: Comunicaci\u00f3n | Evento: 3\u00ba Congreso Interdisciplinar y Virtual sobre Artes en la Educaci\u00f3n (CIVAE 2021) | Organiza: Georgia State University y Universidad de Granada | Lugar: Virtual | Fecha: 14-15\/07\/2021 \u00a0 \u00b7 Sinergias y japonismo en la materializaci\u00f3n de mensajes visuales. Arte, dise\u00f1o gr\u00e1fico y publicidad como cruces interculturales | Tipo de participaci\u00f3n: Comunicaci\u00f3n | Evento: 8\u00ba Taller Internacional de Investigaci\u00f3n \u201cIm\u00e1genes Mutuas\u201d | Organiza: Universidad de Hull, Universidad de Ryukoku, Temporada de Cultura Jap\u00f3n-Reino Unido, Asociaci\u00f3n de Investigaci\u00f3n de Im\u00e1genes Mutuas MIRA | Lugar: Universidad Ryukoku, Kioto | Fecha: 22-24\/01\/2021 \u00a0 \u00b7 Dise\u00f1ando para un contexto complejo. El dise\u00f1o consciente como factor de cambio social | Tipo de participaci\u00f3n: Comunicaci\u00f3n | Evento: Jornada de Moda y Dise\u00f1o: Creaci\u00f3n e Investigaci\u00f3n | Organiza: Grupo de investigaci\u00f3n DX7 Tracker Laboratorio Visual | Lugar: Museo de Pontevedra | Fecha: 10\/02\/2020 \u00a0 \u00b7 Influencias bilaterales en Dise\u00f1o Gr\u00e1fico entre Jap\u00f3n y Occidente: las obras de Shigeo Fukuda | Tipo de participaci\u00f3n: Comunicaci\u00f3n | Evento: 7\u00ba Taller Internacional &#8220;Pintura de Oriente: Relaciones art\u00edsticas entre Jap\u00f3n y Occidente&#8221; | Organiza: Asociaci\u00f3n de Investigaci\u00f3n de Im\u00e1genes Mutuas | Lugar: Pontevedra | Fecha: 4\/06\/2019 \u00a0 \u00b7 Desdibujando Fronteras. Procesos conscientes para un dise\u00f1o sostenible | Tipo de participaci\u00f3n: Comunicaci\u00f3n | Evento: 2\u00ba Congreso Internacional de Arquitectura y Dise\u00f1o | Organiza: Universidad Aut\u00f3noma de Baja California | Lugar: Tijuana, BC M\u00e9xico | Fecha: 10-12\/04\/2019 \u00a0 \u00b7 Entornos Constructivos, estrategias y aproximaciones hacia un dise\u00f1o consciente | Tipo de participaci\u00f3n: Comunicaci\u00f3n | Evento: Encuentros de Interacci\u00f3n Gr\u00e1fica | Organiza: Universidad de Vigo, dx5 Investigaci\u00f3n en Arte Gr\u00e1fico y Digital, Lab_in | Lugar: Vigo, Pontevedra | Fecha: 11\/09\/2018 \u00a0 \u00b7 El concepto de Complejidad en el Dise\u00f1o Editorial. La Sostenibilidad aplicada a la producci\u00f3n de un libro | Tipo de participaci\u00f3n: Comunicaci\u00f3n | Evento: 2\u00ba Congreso de Dise\u00f1o Gr\u00e1fico: Dise\u00f1o y sociedad sostenible | Organiza: Universidad del Pa\u00eds Vasco | Lugar: Bilbao | Fecha: 27\/06\/2018 \u00a0 \u00b7 Multiplex, complejidad y sostenibilidad | Tipo de participaci\u00f3n: Comunicaci\u00f3n | Evento: Somos Crea | Lugar: Vigo | Fecha: 2015<\/p>\n","protected":false},"author":1,"featured_media":0,"parent":0,"menu_order":0,"comment_status":"closed","ping_status":"closed","template":"","meta":{"footnotes":""},"class_list":["post-217","page","type-page","status-publish","hentry"],"_links":{"self":[{"href":"https:\/\/tatianalameiro.com\/index.php\/wp-json\/wp\/v2\/pages\/217","targetHints":{"allow":["GET"]}}],"collection":[{"href":"https:\/\/tatianalameiro.com\/index.php\/wp-json\/wp\/v2\/pages"}],"about":[{"href":"https:\/\/tatianalameiro.com\/index.php\/wp-json\/wp\/v2\/types\/page"}],"author":[{"embeddable":true,"href":"https:\/\/tatianalameiro.com\/index.php\/wp-json\/wp\/v2\/users\/1"}],"replies":[{"embeddable":true,"href":"https:\/\/tatianalameiro.com\/index.php\/wp-json\/wp\/v2\/comments?post=217"}],"version-history":[{"count":26,"href":"https:\/\/tatianalameiro.com\/index.php\/wp-json\/wp\/v2\/pages\/217\/revisions"}],"predecessor-version":[{"id":466,"href":"https:\/\/tatianalameiro.com\/index.php\/wp-json\/wp\/v2\/pages\/217\/revisions\/466"}],"wp:attachment":[{"href":"https:\/\/tatianalameiro.com\/index.php\/wp-json\/wp\/v2\/media?parent=217"}],"curies":[{"name":"wp","href":"https:\/\/api.w.org\/{rel}","templated":true}]}}