{"id":35,"date":"2018-10-17T19:32:38","date_gmt":"2018-10-17T19:32:38","guid":{"rendered":"http:\/\/tatianalameiro.com\/?page_id=35"},"modified":"2025-01-19T20:02:53","modified_gmt":"2025-01-19T20:02:53","slug":"inicio","status":"publish","type":"page","link":"https:\/\/tatianalameiro.com\/","title":{"rendered":"Inicio"},"content":{"rendered":"\t\t<div data-elementor-type=\"wp-page\" data-elementor-id=\"35\" class=\"elementor elementor-35\">\n\t\t\t\t<div class=\"elementor-element elementor-element-f8a8004 e-flex e-con-boxed wpr-particle-no wpr-jarallax-no wpr-parallax-no wpr-sticky-section-no e-con e-parent\" data-id=\"f8a8004\" data-element_type=\"container\">\n\t\t\t\t\t<div class=\"e-con-inner\">\n\t\t\t\t<div class=\"elementor-element elementor-element-4fe3f6a elementor-widget elementor-widget-image\" data-id=\"4fe3f6a\" data-element_type=\"widget\" data-widget_type=\"image.default\">\n\t\t\t\t<div class=\"elementor-widget-container\">\n\t\t\t\t\t\t\t\t\t\t\t\t\t\t\t<img decoding=\"async\" src=\"https:\/\/tatianalameiro.com\/wp-content\/uploads\/2018\/10\/Captura-de-pantalla-2018-10-17-a-las-21.39.22.png\" title=\"Captura de pantalla 2018-10-17 a las 21.39.22\" alt=\"Captura de pantalla 2018-10-17 a las 21.39.22\" loading=\"lazy\" \/>\t\t\t\t\t\t\t\t\t\t\t\t\t\t\t<\/div>\n\t\t\t\t<\/div>\n\t\t\t\t\t<\/div>\n\t\t\t\t<\/div>\n\t\t<div class=\"elementor-element elementor-element-f210172 e-con-full e-flex wpr-particle-no wpr-jarallax-no wpr-parallax-no wpr-sticky-section-no e-con e-parent\" data-id=\"f210172\" data-element_type=\"container\" data-settings=\"{&quot;background_background&quot;:&quot;classic&quot;}\">\n\t\t\t\t<div class=\"elementor-element elementor-element-60c115d elementor-widget elementor-widget-ucaddon_simple_popup\" data-id=\"60c115d\" data-element_type=\"widget\" data-widget_type=\"ucaddon_simple_popup.default\">\n\t\t\t\t<div class=\"elementor-widget-container\">\n\t\t\t\t\t\n<!-- start Simple Popup -->\n\t\t<link id='font-awesome-css' href='https:\/\/tatianalameiro.com\/wp-content\/plugins\/unlimited-elements-for-elementor\/assets_libraries\/font-awesome6\/fontawesome-all.min.css' type='text\/css' rel='stylesheet' >\n\t\t<link id='font-awesome-4-shim-css' href='https:\/\/tatianalameiro.com\/wp-content\/plugins\/unlimited-elements-for-elementor\/assets_libraries\/font-awesome6\/fontawesome-v4-shims.min.css' type='text\/css' rel='stylesheet' >\n\n<style>\/* widget: Simple Popup *\/\n\n  body.uc-active{\n    overflow-y: hidden;\n  }\n\t\n\n\t\n\n\t\n\n#uc_simple_popup_elementor_60c115d .ue-simple-popup-inner{\n  position: relative;\n}\n\n#uc_simple_popup_elementor_60c115d .ue-simple-popup-wrapper{\n \toverflow-y:auto;\n  \tmax-height: 100vh;\n}\n\n#uc_simple_popup_elementor_60c115d .uc-editor-message.uc-error{\n  padding:10px;\n  font-size:14px;\n  color: red;\n}\n\n#uc_simple_popup_elementor_60c115d .ue-simple-popup-btn\n{\n  display:flex;\n  align-items:center;\n}\n\n#uc_simple_popup_elementor_60c115d .ue-simple-popup-btn-icon\n{\n  line-height:1em;\n}\n\n#uc_simple_popup_elementor_60c115d .ue-simple-popup-btn-icon svg\n{\n  height:1em;\n  width:1em;\n}\n\n\n\n  #uc_simple_popup_elementor_60c115d .ue-simple-popup-wrapper{\n      display: flex;\n      justify-content: center;\n      align-items: center;\n      text-align: center;\n  }\n\n\t\n\n#:not(#uc_simple_popup_elementor_60c115d #){\n\tdisplay: none;\n}\n\t\n\n#uc_simple_popup_elementor_60c115d .ue-simple-popup-overlay{\n  position: fixed;\n  top:0;\n  bottom:0;\n  right:0;\n  left:0;\n  width:100%;\n  z-index:100;\n  display:flex;\n  opacity: 0;\n  pointer-events: none;\n}\n\n#uc_simple_popup_elementor_60c115d .ue-simple-popup-overlay.uc-active{\n  opacity: 1;\n  pointer-events: all;\n}\n\n#uc_simple_popup_elementor_60c115d .ue-simple-popup-close{\n  position:absolute;\n  line-height:1em;\n  cursor:pointer;\n  display:flex;\n  align-items:center;\n  justify-content:center;\n  z-index:1000;\n  right: 10px;\n  top: 10px;\n}\n\n#uc_simple_popup_elementor_60c115d .ue-simple-popup-close:focus{\n  outline: 2px solid black;\n}\n\n#uc_simple_popup_elementor_60c115d .ue-simple-popup-trigger{\n  cursor: pointer;\n  display: inline-block;\n}\n\n#uc_simple_popup_elementor_60c115d .ue-simple-popup-trigger:focus{\n  outline: 2px solid black;\n}\n\n@media screen and (max-width: 1024px) {\n  #uc_simple_popup_elementor_60c115d .ue-simple-popup-close{\n    right: px;\n    top: px;\n  }\n}\n\n@media screen and (max-width: 767px) {\n  #uc_simple_popup_elementor_60c115d .ue-simple-popup-close{\n    right: px;\n    top: px;\n  }\n}\n\n\n\n<\/style>\n\n<div id=\"uc_simple_popup_elementor_60c115d\" \n     class=\"ue-simple-popup\" \n     data-editor=\"no\" \n     data-source=\"text\" \n     data-element-id=\"\" \n     data-show-errors=\"false\" \n     data-hide-connected-elements=\"false\" \n     data-trigger-type=\"scroll \" \n     data-load-delay=\"2\" \n     data-scroll-amount=\"25\" \n     data-scroll-direction=\"down\" \n     data-popup-hash=\"\"\n     data-cookie=\"false\" \n     data-cookie-days=\"0\" \n     data-cookie-hours=\"0\" \n     data-cookie-minutes=\"60\" \n     data-cookie-seconds=\"60\" \n     data-responsive-mode=\"false\"\n     data-responsive-breakpoint=\"768\"\n     >\n \t\n\n  <div class=\"ue-simple-popup-trigger-wrapper\">\n  <a class=\"ue-simple-popup-trigger\" tabindex=\"0\">\n    <div class=\"ue-simple-popup-btn\">\n      <div class=\"ue-simple-popup-btn-txt\">Open Popup<\/div>\n          <\/div>\n  <\/a>\n  <\/div>\n    \n  <div class=\"ue-simple-popup-overlay\">\n    \n    <div class=\"ue-simple-popup-inner\">\n    \t<div class=\"ue-simple-popup-close\" tabindex=\"0\"><i class='fas fa-times'><\/i><\/div>\n      \t<div class=\"ue-simple-popup-wrapper\" data-debug=\"false\">\n          \n          <div class=\"\" data-mesh-id=\"comp-lb3nxtv61inlineContent\" data-testid=\"inline-content\"><div data-mesh-id=\"comp-lb3nxtv61inlineContent-gridContainer\" data-testid=\"mesh-container-content\"><div id=\"comp-isu7vvqr\" class=\"HcOXKn SxM0TO QxJLC3 lq2cno comp-isu7vvqr wixui-rich-text\" data-testid=\"richTextElement\"><p><span style=\"color: #ffffff;\">Este sitio web y las reproducciones de las obras de Tatiana Lameiro que aparecen en \u00e9l son propiedad exclusiva del autor. Est\u00e1 estrictamente prohibida su reproducci\u00f3n, distribuci\u00f3n, comunicaci\u00f3n p\u00fablica, puesta a disposici\u00f3n, modificaci\u00f3n o cualquier otro tipo de explotaci\u00f3n, as\u00ed como la inserci\u00f3n de enlaces a esta p\u00e1gina que no dirijan exclusivamente a su p\u00e1gina principal.<\/span><\/p><p><span style=\"color: #ffffff;\">Para cualquier acto de reproducci\u00f3n, distribuci\u00f3n, comunicaci\u00f3n p\u00fablica, puesta a disposici\u00f3n o cualquier otro uso de las obras, se debe solicitar autorizaci\u00f3n a trav\u00e9s del formulario de contacto del sitio para obtener la autorizaci\u00f3n del artista.<\/span><\/p><p><span style=\"color: #ffffff;\">Agradecemos profundamente su comprensi\u00f3n y respeto hacia los derechos de autor y el trabajo creativo del artista. Su colaboraci\u00f3n en la protecci\u00f3n de estas obras permite preservar su valor y asegurar que contin\u00faen siendo apreciadas en su integridad.<\/span><\/p><\/div><\/div><\/div>          \n                <\/div> \n    <\/div> \n    \n  <\/div>\n  \n<\/div>\n<!-- end Simple Popup -->\t\t\t\t<\/div>\n\t\t\t\t<\/div>\n\t\t\t\t<\/div>\n\t\t\t\t<\/div>\n\t\t","protected":false},"excerpt":{"rendered":"<p>Open Popup Este sitio web y las reproducciones de las obras de Tatiana Lameiro que aparecen en \u00e9l son propiedad exclusiva del autor. Est\u00e1 estrictamente prohibida su reproducci\u00f3n, distribuci\u00f3n, comunicaci\u00f3n p\u00fablica, puesta a disposici\u00f3n, modificaci\u00f3n o cualquier otro tipo de explotaci\u00f3n, as\u00ed como la inserci\u00f3n de enlaces a esta p\u00e1gina que no dirijan exclusivamente a su p\u00e1gina principal. Para cualquier acto de reproducci\u00f3n, distribuci\u00f3n, comunicaci\u00f3n p\u00fablica, puesta a disposici\u00f3n o cualquier otro uso de las obras, se debe solicitar autorizaci\u00f3n a trav\u00e9s del formulario de contacto del sitio para obtener la autorizaci\u00f3n del artista. Agradecemos profundamente su comprensi\u00f3n y respeto hacia los derechos de autor y el trabajo creativo del artista. Su colaboraci\u00f3n en la protecci\u00f3n de estas obras permite preservar su valor y asegurar que contin\u00faen siendo apreciadas en su integridad.<\/p>\n","protected":false},"author":1,"featured_media":0,"parent":0,"menu_order":0,"comment_status":"closed","ping_status":"closed","template":"","meta":{"footnotes":""},"class_list":["post-35","page","type-page","status-publish","hentry"],"_links":{"self":[{"href":"https:\/\/tatianalameiro.com\/index.php\/wp-json\/wp\/v2\/pages\/35","targetHints":{"allow":["GET"]}}],"collection":[{"href":"https:\/\/tatianalameiro.com\/index.php\/wp-json\/wp\/v2\/pages"}],"about":[{"href":"https:\/\/tatianalameiro.com\/index.php\/wp-json\/wp\/v2\/types\/page"}],"author":[{"embeddable":true,"href":"https:\/\/tatianalameiro.com\/index.php\/wp-json\/wp\/v2\/users\/1"}],"replies":[{"embeddable":true,"href":"https:\/\/tatianalameiro.com\/index.php\/wp-json\/wp\/v2\/comments?post=35"}],"version-history":[{"count":80,"href":"https:\/\/tatianalameiro.com\/index.php\/wp-json\/wp\/v2\/pages\/35\/revisions"}],"predecessor-version":[{"id":533,"href":"https:\/\/tatianalameiro.com\/index.php\/wp-json\/wp\/v2\/pages\/35\/revisions\/533"}],"wp:attachment":[{"href":"https:\/\/tatianalameiro.com\/index.php\/wp-json\/wp\/v2\/media?parent=35"}],"curies":[{"name":"wp","href":"https:\/\/api.w.org\/{rel}","templated":true}]}}