{"id":75,"date":"2025-01-17T21:44:43","date_gmt":"2025-01-17T21:44:43","guid":{"rendered":"https:\/\/tatianalameiro.com\/?page_id=75"},"modified":"2025-01-19T17:21:52","modified_gmt":"2025-01-19T17:21:52","slug":"bio","status":"publish","type":"page","link":"https:\/\/tatianalameiro.com\/index.php\/bio\/","title":{"rendered":"Bio"},"content":{"rendered":"\t\t<div data-elementor-type=\"wp-page\" data-elementor-id=\"75\" class=\"elementor elementor-75\">\n\t\t\t\t<div class=\"elementor-element elementor-element-7dcd8f5 e-flex e-con-boxed wpr-particle-no wpr-jarallax-no wpr-parallax-no wpr-sticky-section-no e-con e-parent\" data-id=\"7dcd8f5\" data-element_type=\"container\">\n\t\t\t\t\t<div class=\"e-con-inner\">\n\t\t\t\t<div class=\"elementor-element elementor-element-8019c89 elementor-widget elementor-widget-text-editor\" data-id=\"8019c89\" data-element_type=\"widget\" data-widget_type=\"text-editor.default\">\n\t\t\t\t<div class=\"elementor-widget-container\">\n\t\t\t\t\t\t\t\t\t<p><span style=\"vertical-align: inherit;\"><span style=\"vertical-align: inherit;\"><span style=\"vertical-align: inherit;\"><span style=\"vertical-align: inherit;\">Tatiana Lameiro es artista pl\u00e1stico-visual, investigadora predoctoral y docente. Graduada en Bellas Artes por la Universidade de Vigo (2013), m\u00e1ster en Direcci\u00f3n de Arte en Publicidad (2015), m\u00e1ster en Profesorado (2014) con especialidad de Arte y Dibujo, y T\u00e9cnico Superior en Imagen (2001) y Dise\u00f1o Gr\u00e1fico (2002). Profesional con amplia experiencia en el \u00e1mbito del dise\u00f1o y fotograf\u00eda, sus l\u00edneas de investigaci\u00f3n se centran en la conceptualizaci\u00f3n del dise\u00f1o gr\u00e1fico y editorial, la imagen fotogr\u00e1fica y la frontera entre dise\u00f1o y arte. Su pr\u00e1ctica art\u00edstica tambi\u00e9n est\u00e1 ligada a la pintura como modo de expresi\u00f3n y por su capacidad de expansi\u00f3n de lo bidimensional a lo tridimensional. Becaria de pintura \u00abXavier Pousa\u00bb de la Fundaci\u00f3n Mondariz Balneario (Pontevedra), cuenta en su haber con varias exposiciones individuales y colectivas tanto nacionales como internacionales y obra en numerosas colecciones p\u00fablicas y privadas. Entre sus exposiciones colectivas en los \u00faltimos a\u00f1os se destaca (Museo de Pontevedra, MiniPrint Cantabria, Miami Art Box, Auditorio de Galicia, Auditorio y Palacio de Congresos del Mar de Vigo, EXIT: International Mail Art Exhibition, Feria Cuarto P\u00fablico, Sala Abanca, Pazo de la Cultura de Pontevedra\u2026).<\/span><\/span><\/span><\/span><\/p><p><span style=\"vertical-align: inherit;\"><span style=\"vertical-align: inherit;\"><span style=\"vertical-align: inherit;\"><span style=\"vertical-align: inherit;\">Cuenta con publicaciones, citas visuales y conferencias en torno al \u00ablibro-objeto-arte\u00bb y el \u00abdise\u00f1o consciente\u00bb en libros, revistas y cat\u00e1logos como <\/span><\/span><\/span><\/span><em><span style=\"vertical-align: inherit;\"><span style=\"vertical-align: inherit;\"><span style=\"vertical-align: inherit;\"><span style=\"vertical-align: inherit;\">Print Factory II<\/span><\/span><\/span><\/span><\/em><span style=\"vertical-align: inherit;\"><span style=\"vertical-align: inherit;\"><span style=\"vertical-align: inherit;\"><span style=\"vertical-align: inherit;\"> , <\/span><\/span><\/span><\/span><em><span style=\"vertical-align: inherit;\"><span style=\"vertical-align: inherit;\"><span style=\"vertical-align: inherit;\"><span style=\"vertical-align: inherit;\">Lamp<\/span><\/span><\/span><\/span><\/em><span style=\"vertical-align: inherit;\"><span style=\"vertical-align: inherit;\"><span style=\"vertical-align: inherit;\"><span style=\"vertical-align: inherit;\"> , <\/span><\/span><\/span><\/span><em><span style=\"vertical-align: inherit;\"><span style=\"vertical-align: inherit;\"><span style=\"vertical-align: inherit;\"><span style=\"vertical-align: inherit;\">Proyecto de Visibilizaci\u00f3n<\/span><\/span><\/span><\/span><\/em><span style=\"vertical-align: inherit;\"><span style=\"vertical-align: inherit;\"><span style=\"vertical-align: inherit;\"><span style=\"vertical-align: inherit;\"> (con presencia en el MARCO y el CGAC) , <\/span><\/span><\/span><\/span><em><span style=\"vertical-align: inherit;\"><span style=\"vertical-align: inherit;\"><span style=\"vertical-align: inherit;\"><span style=\"vertical-align: inherit;\">Multiple[x] Complejidad y Sostenibilidad<\/span><\/span><\/span><\/span><\/em><span style=\"vertical-align: inherit;\"><span style=\"vertical-align: inherit;\"><span style=\"vertical-align: inherit;\"><span style=\"vertical-align: inherit;\"> (presentado en Estampa Feria de Arte Contempor\u00e1neo), y <\/span><\/span><\/span><\/span><em><span style=\"vertical-align: inherit;\"><span style=\"vertical-align: inherit;\"><span style=\"vertical-align: inherit;\"><span style=\"vertical-align: inherit;\">Libro en Blanco. Espacios liminales de la gr\u00e1fica contempor\u00e1nea<\/span><\/span><\/span><\/span><\/em><span style=\"vertical-align: inherit;\"><span style=\"vertical-align: inherit;\"><span style=\"vertical-align: inherit;\"><span style=\"vertical-align: inherit;\"> , entre otros. Adem\u00e1s ha completado su formaci\u00f3n como artista en talleres de fotograf\u00eda, pintura o libro de artista con Din Matamoro, Gabriel Brau o Juan Lara.<\/span><\/span><\/span><\/span><\/p><p><span style=\"vertical-align: inherit;\"><span style=\"vertical-align: inherit;\"><span style=\"vertical-align: inherit;\"><span style=\"vertical-align: inherit;\">Ha sido miembro del equipo de trabajo de varios proyectos financiados en convocatorias p\u00fablicas competitivas, comit\u00e9 organizador de diversos congresos internacionales y J\u00fari de Sele\u00e7\u00e3o XXI Bienal Internacional de Arte de Cerveira. Tambi\u00e9n ha intervenido como ponente en una selecci\u00f3n de congresos internacionales de primer nivel (VI Simposio Internacional de la Tipograf\u00eda al Libro-arte, Conferencia Internacional Multidisciplinar de Gr\u00e1fica Impact 10, III Congreso Interdisciplinarsobre Artes en la Educaci\u00f3n, VIII Taller Internacional de Investigaci\u00f3n \u201cMutual Images\u201d \u201d\u2026). En la actualidad forma parte del grupo de investigaci\u00f3n dx5 \u2013 digital &amp; graphic art_research de la Universidade de Vigo, especializado en gr\u00e1fica contempor\u00e1nea de campo expandido.<\/span><\/span><\/span><\/span><\/p><p>____________________________________________________________________________________________________________________________________________________________________<\/p>\t\t\t\t\t\t\t\t<\/div>\n\t\t\t\t<\/div>\n\t\t\t\t<div class=\"elementor-element elementor-element-ce81593 elementor-widget elementor-widget-text-editor\" data-id=\"ce81593\" data-element_type=\"widget\" data-widget_type=\"text-editor.default\">\n\t\t\t\t<div class=\"elementor-widget-container\">\n\t\t\t\t\t\t\t\t\t<p><em>Tatiana Lameiro is a visual artist, predoctoral researcher and teacher. Graduated in Fine Arts from the University of Vigo (2013), Master in Art Direction in Advertising (2015), Master in Teaching (2014) specializing in Art and Drawing, and Superior Technician in Image (2001) and Graphic Design (2002). Professional with extensive experience in the field of design and photography, his lines of research focus on the conceptualization of graphic and editorial design, the photographic image and the border between design and art. Her artistic practice is also linked to painting as a mode of expression and for its ability to expand from the two-dimensional to the three-dimensional. Xavier Pousa\u201d painting scholarship holder of the Mondariz Balneario Foundation (Pontevedra), she has had several individual and collective exhibitions both nationally and internationally and her work has been included in numerous public and private collections. Among his collective exhibitions in the last years we can highlight (Museum of Pontevedra, MiniPrint Cantabria, Miami Art Box, Auditorio de Galicia, EXIT: International Mail Art Exhibition, Cuarto P\u00fablico Fair, Sala Abanca, Pazo da Cultura de Pontevedra&#8230;).<\/em><\/p><p><em>He has publications, visual quotations and conferences on \u201cbook-object-art\u201d and \u201cconscious design\u201d in books, magazines and catalogs such as Print Factory II, Lamp, Proyecto de Visibilizaci\u00f3n (with presence at MARCO and CGAC), Multiple[x] Complejidad y Sostenibilidad (presented at Estampa Contemporary Art Fair), and Libro en Blanco. Espacios liminales de la gr\u00e1fica contempor\u00e1nea, among others. He has also completed his training as an artist in photography, painting or artist&#8217;s book workshops with Din Matamoro, Gabriel Brau or Juan Lara.<\/em><\/p><p><em>He has been a member of the working team of several projects funded in competitive public calls, organizing committee of several international congresses and J\u00fari de Sele\u00e7\u00e3o XXI Bienal Internacional de Arte de Cerveira. He has also participated as a speaker in a selection of top level international conferences (VI International Symposium from Typography to Book-art, International Multidisciplinary Conference on Graphics Impact 10, III Interdisciplinary Congress on Arts in Education, VIII International Research Workshop \u201cMutual Images\u201d&#8230;). He is currently part of the research group dx5 &#8211; digital &amp; graphic art_research of the University of Vigo, specializing in contemporary graphics of expanded field.<\/em><\/p>\t\t\t\t\t\t\t\t<\/div>\n\t\t\t\t<\/div>\n\t\t\t\t\t<\/div>\n\t\t\t\t<\/div>\n\t\t<div class=\"elementor-element elementor-element-4afb0ee e-grid e-con-boxed wpr-particle-no wpr-jarallax-no wpr-parallax-no wpr-sticky-section-no e-con e-parent\" data-id=\"4afb0ee\" data-element_type=\"container\">\n\t\t\t\t\t<div class=\"e-con-inner\">\n\t\t\t\t\t<\/div>\n\t\t\t\t<\/div>\n\t\t<div class=\"elementor-element elementor-element-f7cc748 e-flex e-con-boxed wpr-particle-no wpr-jarallax-no wpr-parallax-no wpr-sticky-section-no e-con e-parent\" data-id=\"f7cc748\" data-element_type=\"container\">\n\t\t\t\t\t<div class=\"e-con-inner\">\n\t\t\t\t<div class=\"elementor-element elementor-element-94da893 elementor-widget elementor-widget-image\" data-id=\"94da893\" data-element_type=\"widget\" data-widget_type=\"image.default\">\n\t\t\t\t<div class=\"elementor-widget-container\">\n\t\t\t\t\t\t\t\t\t\t\t\t\t\t\t<img fetchpriority=\"high\" decoding=\"async\" width=\"768\" height=\"771\" src=\"https:\/\/tatianalameiro.com\/wp-content\/uploads\/2025\/01\/Huete-2-768x771.jpg\" class=\"attachment-medium_large size-medium_large wp-image-187\" alt=\"\" srcset=\"https:\/\/tatianalameiro.com\/wp-content\/uploads\/2025\/01\/Huete-2-768x771.jpg 768w, https:\/\/tatianalameiro.com\/wp-content\/uploads\/2025\/01\/Huete-2-300x300.jpg 300w, https:\/\/tatianalameiro.com\/wp-content\/uploads\/2025\/01\/Huete-2-1021x1024.jpg 1021w, https:\/\/tatianalameiro.com\/wp-content\/uploads\/2025\/01\/Huete-2-150x150.jpg 150w, https:\/\/tatianalameiro.com\/wp-content\/uploads\/2025\/01\/Huete-2-1531x1536.jpg 1531w, https:\/\/tatianalameiro.com\/wp-content\/uploads\/2025\/01\/Huete-2-2041x2048.jpg 2041w\" sizes=\"(max-width: 768px) 100vw, 768px\" \/>\t\t\t\t\t\t\t\t\t\t\t\t\t\t\t<\/div>\n\t\t\t\t<\/div>\n\t\t\t\t\t<\/div>\n\t\t\t\t<\/div>\n\t\t\t\t<\/div>\n\t\t","protected":false},"excerpt":{"rendered":"<p>Tatiana Lameiro es artista pl\u00e1stico-visual, investigadora predoctoral y docente. Graduada en Bellas Artes por la Universidade de Vigo (2013), m\u00e1ster en Direcci\u00f3n de Arte en Publicidad (2015), m\u00e1ster en Profesorado (2014) con especialidad de Arte y Dibujo, y T\u00e9cnico Superior en Imagen (2001) y Dise\u00f1o Gr\u00e1fico (2002). Profesional con amplia experiencia en el \u00e1mbito del dise\u00f1o y fotograf\u00eda, sus l\u00edneas de investigaci\u00f3n se centran en la conceptualizaci\u00f3n del dise\u00f1o gr\u00e1fico y editorial, la imagen fotogr\u00e1fica y la frontera entre dise\u00f1o y arte. Su pr\u00e1ctica art\u00edstica tambi\u00e9n est\u00e1 ligada a la pintura como modo de expresi\u00f3n y por su capacidad de expansi\u00f3n de lo bidimensional a lo tridimensional. Becaria de pintura \u00abXavier Pousa\u00bb de la Fundaci\u00f3n Mondariz Balneario (Pontevedra), cuenta en su haber con varias exposiciones individuales y colectivas tanto nacionales como internacionales y obra en numerosas colecciones p\u00fablicas y privadas. Entre sus exposiciones colectivas en los \u00faltimos a\u00f1os se destaca (Museo de Pontevedra, MiniPrint Cantabria, Miami Art Box, Auditorio de Galicia, Auditorio y Palacio de Congresos del Mar de Vigo, EXIT: International Mail Art Exhibition, Feria Cuarto P\u00fablico, Sala Abanca, Pazo de la Cultura de Pontevedra\u2026). Cuenta con publicaciones, citas visuales y conferencias en torno al \u00ablibro-objeto-arte\u00bb y el \u00abdise\u00f1o consciente\u00bb en libros, revistas y cat\u00e1logos como Print Factory II , Lamp , Proyecto de Visibilizaci\u00f3n (con presencia en el MARCO y el CGAC) , Multiple[x] Complejidad y Sostenibilidad (presentado en Estampa Feria de Arte Contempor\u00e1neo), y Libro en Blanco. Espacios liminales de la gr\u00e1fica contempor\u00e1nea , entre otros. Adem\u00e1s ha completado su formaci\u00f3n como artista en talleres de fotograf\u00eda, pintura o libro de artista con Din Matamoro, Gabriel Brau o Juan Lara. Ha sido miembro del equipo de trabajo de varios proyectos financiados en convocatorias p\u00fablicas competitivas, comit\u00e9 organizador de diversos congresos internacionales y J\u00fari de Sele\u00e7\u00e3o XXI Bienal Internacional de Arte de Cerveira. Tambi\u00e9n ha intervenido como ponente en una selecci\u00f3n de congresos internacionales de primer nivel (VI Simposio Internacional de la Tipograf\u00eda al Libro-arte, Conferencia Internacional Multidisciplinar de Gr\u00e1fica Impact 10, III Congreso Interdisciplinarsobre Artes en la Educaci\u00f3n, VIII Taller Internacional de Investigaci\u00f3n \u201cMutual Images\u201d \u201d\u2026). En la actualidad forma parte del grupo de investigaci\u00f3n dx5 \u2013 digital &amp; graphic art_research de la Universidade de Vigo, especializado en gr\u00e1fica contempor\u00e1nea de campo expandido. ____________________________________________________________________________________________________________________________________________________________________ Tatiana Lameiro is a visual artist, predoctoral researcher and teacher. Graduated in Fine Arts from the University of Vigo (2013), Master in Art Direction in Advertising (2015), Master in Teaching (2014) specializing in Art and Drawing, and Superior Technician in Image (2001) and Graphic Design (2002). Professional with extensive experience in the field of design and photography, his lines of research focus on the conceptualization of graphic and editorial design, the photographic image and the border between design and art. Her artistic practice is also linked to painting as a mode of expression and for its ability to expand from the two-dimensional to the three-dimensional. Xavier Pousa\u201d painting scholarship holder of the Mondariz Balneario Foundation (Pontevedra), she has had several individual and collective exhibitions both nationally and internationally and her work has been included in numerous public and private collections. Among his collective exhibitions in the last years we can highlight (Museum of Pontevedra, MiniPrint Cantabria, Miami Art Box, Auditorio de Galicia, EXIT: International Mail Art Exhibition, Cuarto P\u00fablico Fair, Sala Abanca, Pazo da Cultura de Pontevedra&#8230;). He has publications, visual quotations and conferences on \u201cbook-object-art\u201d and \u201cconscious design\u201d in books, magazines and catalogs such as Print Factory II, Lamp, Proyecto de Visibilizaci\u00f3n (with presence at MARCO and CGAC), Multiple[x] Complejidad y Sostenibilidad (presented at Estampa Contemporary Art Fair), and Libro en Blanco. Espacios liminales de la gr\u00e1fica contempor\u00e1nea, among others. He has also completed his training as an artist in photography, painting or artist&#8217;s book workshops with Din Matamoro, Gabriel Brau or Juan Lara. He has been a member of the working team of several projects funded in competitive public calls, organizing committee of several international congresses and J\u00fari de Sele\u00e7\u00e3o XXI Bienal Internacional de Arte de Cerveira. He has also participated as a speaker in a selection of top level international conferences (VI International Symposium from Typography to Book-art, International Multidisciplinary Conference on Graphics Impact 10, III Interdisciplinary Congress on Arts in Education, VIII International Research Workshop \u201cMutual Images\u201d&#8230;). He is currently part of the research group dx5 &#8211; digital &amp; graphic art_research of the University of Vigo, specializing in contemporary graphics of expanded field.<\/p>\n","protected":false},"author":2,"featured_media":0,"parent":0,"menu_order":0,"comment_status":"closed","ping_status":"closed","template":"","meta":{"footnotes":""},"class_list":["post-75","page","type-page","status-publish","hentry"],"_links":{"self":[{"href":"https:\/\/tatianalameiro.com\/index.php\/wp-json\/wp\/v2\/pages\/75","targetHints":{"allow":["GET"]}}],"collection":[{"href":"https:\/\/tatianalameiro.com\/index.php\/wp-json\/wp\/v2\/pages"}],"about":[{"href":"https:\/\/tatianalameiro.com\/index.php\/wp-json\/wp\/v2\/types\/page"}],"author":[{"embeddable":true,"href":"https:\/\/tatianalameiro.com\/index.php\/wp-json\/wp\/v2\/users\/2"}],"replies":[{"embeddable":true,"href":"https:\/\/tatianalameiro.com\/index.php\/wp-json\/wp\/v2\/comments?post=75"}],"version-history":[{"count":34,"href":"https:\/\/tatianalameiro.com\/index.php\/wp-json\/wp\/v2\/pages\/75\/revisions"}],"predecessor-version":[{"id":350,"href":"https:\/\/tatianalameiro.com\/index.php\/wp-json\/wp\/v2\/pages\/75\/revisions\/350"}],"wp:attachment":[{"href":"https:\/\/tatianalameiro.com\/index.php\/wp-json\/wp\/v2\/media?parent=75"}],"curies":[{"name":"wp","href":"https:\/\/api.w.org\/{rel}","templated":true}]}}